{"id":3700,"date":"2020-04-04T12:58:45","date_gmt":"2020-04-04T10:58:45","guid":{"rendered":"https:\/\/tsplus.eu\/store\/?page_id=3700"},"modified":"2020-04-05T13:20:01","modified_gmt":"2020-04-05T11:20:01","slug":"polityka-prywatnosci","status":"publish","type":"page","link":"https:\/\/tsplus.pl\/sklep\/polityka-prywatnosci\/","title":{"rendered":"Polityka prywatno\u015bci"},"content":{"rendered":"<p>Eland IT Sp. z o.o. TSPlus Eastern Europe specjalizuje si\u0119 dostarczaniu\u00a0 technologii zdalnego dost\u0119pu do aplikacji i pulpitu. Wyst\u0119puj\u0105c jako Sprzedawca oprogramowania, TSplus dzia\u0142a w charakterze \u201eAdministratora danych\u201d. Zbieramy i przetwarzamy g\u0142\u00f3wnie informacje dotycz\u0105ce firm i sp\u00f3\u0142ek. Jednak\u017ce w trakcie dokonywania tych czynno\u015bci przetwarzamy tak\u017ce dane, kt\u00f3re mog\u0105 by\u0107 zakwalifikowane jako \u201edane osobowe\u201d zgodnie z prawem unijnym (\u201eUE\u201d), poniewa\u017c s\u0105 to informacje dotycz\u0105ce os\u00f3b fizycznych (np. os\u00f3b prowadz\u0105cych jednoosobow\u0105 dzia\u0142alno\u015b\u0107 gospodarcz\u0105, beneficjent\u00f3w rzeczywistych, dyrektor\u00f3w i przedstawicieli firm, itd.).<\/p>\n<p>Dzi\u0119kujemy za Pa\u0144stwa zainteresowanie naszym sklepem internetowym. Wa\u017cne jest dla nas zaufanie, jakim obdarzaj\u0105 nas Pa\u0144stwo w zwi\u0105zku z przetwarzaniem Pa\u0144stwa danych osobowych. Ochrona Pa\u0144stwa prywatno\u015bci jest dla nas kwesti\u0105 bardzo istotn\u0105, a Pa\u0144stwa dane osobowe wykorzystywane s\u0105 przez nas starannie, bezpiecznie i w spos\u00f3b przejrzysty. W niniejszej polityce prywatno\u015bci znajd\u0105 Pa\u0144stwo szczeg\u00f3\u0142owe informacje dotycz\u0105ce post\u0119powania z Pa\u0144stwa danymi.<\/p>\n<p><strong>Informacje o Administratorze i przetwarzaniu przez niego danych osobowych<\/strong><\/p>\n<ol>\n<li>Administratorem Twoich danych osobowych jest Eland IT Sp. z o.o. TSPlusEastern Europe z siedzib\u0105 w \u0141odzi, przy ul. Ferdynanda Ossendowskiego 7.<\/li>\n<li>Administrator prowadzi sklep internetowy pod adresem\u00a0tsplus.eu\/store, zwany dalej Serwisem.<\/li>\n<li>Danymi osobowymi w my\u015bl niniejszej Polityki Prywatno\u015bci s\u0105 wszystkie informacje o osobie fizycznej zidentyfikowanej lub mo\u017cliwej do zidentyfikowania poprzez jeden b\u0105d\u017a kilka szczeg\u00f3lnych czynnik\u00f3w, w tym IP urz\u0105dzenia, dane o lokalizacji, identyfikator internetowy oraz informacje gromadzone za po\u015brednictwem plik\u00f3w cookie oraz innej podobnej technologii.<\/li>\n<li>Podanie danych osobowych w celu realizacji umowy o \u015bwiadczenie us\u0142ug okre\u015blonych Regulaminem Sklepu internetowego jest dobrowolne, ale jest r\u00f3wnie\u017c warunkiem zawarcia umowy. Konsekwencj\u0105 niepodania danych osobowych b\u0119dzie niemo\u017cno\u015b\u0107 zawarcia umowy i realizacji us\u0142ug.<\/li>\n<li>Pod akronimem RODO rozumie\u0107 nale\u017cy Rozporz\u0105dzenie Parlamentu Europejskiego i Rady (UE) 2016\/679 z dnia 27 kwietnia 2016 r. w sprawie ochrony os\u00f3b fizycznych w zwi\u0105zku z przetwarzaniem danych osobowych i w sprawie swobodnego przep\u0142ywu takich danych oraz uchylenia dyrektywy 95\/46\/WE.<\/li>\n<li>U\u017cytkownikiem w my\u015bl niniejszej Polityki Prywatno\u015bci jest ka\u017cda osoba fizyczna odwiedzaj\u0105ca Serwis lub w inny spos\u00f3b korzystaj\u0105ca z us\u0142ug wskazanych w Regulaminie Sklepu Internetowego.<\/li>\n<li>Administrator z nale\u017cyt\u0105 staranno\u015bci\u0105 dobiera i stosuje odpowiednie \u015brodki techniczne i organizacyjne zapewniaj\u0105ce ochron\u0119 przetwarzanych danych osobowych. Pe\u0142en dost\u0119p do baz danych posiadaj\u0105 jedynie osoby nale\u017cycie uprawnione przez Administratora.<\/li>\n<li>Administrator zabezpiecza dane osobowe przed ich udost\u0119pnieniem osobom nieupowa\u017cnionym, jak r\u00f3wnie\u017c przed ich przetwarzaniem z naruszeniem obowi\u0105zuj\u0105cych przepis\u00f3w prawa.<\/li>\n<li>Dane osobowe nie b\u0119d\u0105 przetwarzane w spos\u00f3b zautomatyzowany.<\/li>\n<\/ol>\n<p>&nbsp;<\/p>\n<p><strong>Cele oraz podstawy przetwarzania danych osobowych przez Administratora<\/strong><\/p>\n<p>&nbsp;<\/p>\n<ol start=\"10\">\n<li>Dane osobowe przetwarzane b\u0119d\u0105 w celu:<\/li>\n<\/ol>\n<ol>\n<li>realizacji umowy o \u015bwiadczenie us\u0142ug okre\u015blonych Regulaminem Sklepu Internetowego (na podstawie art. 6 ust. 1 lit. b RODO);<\/li>\n<li>wype\u0142nienia obowi\u0105zku prawnego ci\u0105\u017c\u0105cego na Administratorze (na podstawie art. \u00a0\u00a06 ust. 1 lit. c RODO);<\/li>\n<li>analitycznym i statystycznym, polegaj\u0105cy na prowadzeniu analiz aktywno\u015bci U\u017cytkownik\u00f3w, a tak\u017ce ich preferencji w celu poprawy stosowanych\u00a0 funkcjonalno\u015bci i \u015bwiadczonych us\u0142ug (na podstawie art. 6 ust. 1 lit. b RODO);<\/li>\n<li>dochodzenia lub zabezpieczenia roszcze\u0144 (na podstawie art. 6 ust. 1 lit. f RODO);<\/li>\n<li>marketingu produkt\u00f3w lub us\u0142ug w\u0142asnych, w tym spersonalizowanych (na podstawie art. 6 ust. 1 lit. f RODO);<\/li>\n<\/ol>\n<p>&nbsp;<\/p>\n<ol start=\"11\">\n<li>Aktywno\u015b\u0107 U\u017cytkownika w Serwisie, w tym jego dane osobowe, mog\u0105 by\u0107 rejestrowane w logach systemowych. Zebrane w logach informacje przetwarzane w zwi\u0105zku ze \u015bwiadczeniem us\u0142ug. Administrator przetwarza je r\u00f3wnie\u017c w celach technicznych &#8211;\u00a0 w szczeg\u00f3lno\u015bci, dane mog\u0105 by\u0107 tymczasowo przechowywane i przetwarzane w celu zapewnienia bezpiecze\u0144stwa i poprawnego funkcjonowania system\u00f3w informatycznych, np. w zwi\u0105zku z wykonywaniem kopii bezpiecze\u0144stwa, testami zmian w systemach informatycznych, wykrywania nieprawid\u0142owo\u015bci lub ochron\u0105 przed nadu\u017cyciami i atakami.<\/li>\n<\/ol>\n<p>&nbsp;<\/p>\n<p><strong>Czas przetwarzania danych osobowych<\/strong><\/p>\n<p>&nbsp;<\/p>\n<ol start=\"12\">\n<li>Co do zasady dane przetwarzane s\u0105 przez czas \u015bwiadczenia us\u0142ugi lub realizowania zam\u00f3wienia, do czasu wycofania wyra\u017conej zgody lub zg\u0142oszenia skutecznego sprzeciwu wzgl\u0119dem przetwarzania danych w przypadkach, gdy podstaw\u0105 prawn\u0105 przetwarzania danych jest uzasadniony interes Administratora.<\/li>\n<li>Okres przetwarzania danych mo\u017ce by\u0107 przed\u0142u\u017cony w przypadku, gdy przetwarzanie jest niezb\u0119dne do ustalenia i dochodzenia ewentualnych roszcze\u0144 lub obrony przed nimi, a po tym czasie jedynie w przypadku i w zakresie, w jakim b\u0119d\u0105 wymaga\u0107 tego przepisy prawa. Po up\u0142ywie okresu przetwarzania dane s\u0105 nieodwracalnie usuwane lub anonimizowane.<\/li>\n<\/ol>\n<p>&nbsp;<\/p>\n<p><strong>Odbiorcy danych<\/strong><\/p>\n<p>&nbsp;<\/p>\n<ol start=\"14\">\n<li>W zwi\u0105zku z realizacj\u0105 us\u0142ug dane osobowe b\u0119d\u0105 ujawniane zewn\u0119trznym podmiotom, w tym w szczeg\u00f3lno\u015bci dostawcom odpowiedzialnym za obs\u0142ug\u0119 system\u00f3w informatycznych, podmiotom takim jak banki i operatorzy p\u0142atno\u015bci, podmioty \u015bwiadcz\u0105ce us\u0142ugi ksi\u0119gowe, prawne, audytowe, konsultingowe, kurierskie.<\/li>\n<\/ol>\n<p>&nbsp;<\/p>\n<ol start=\"15\">\n<li>Dane osobowe pozostawione w serwisie nie zostan\u0105 sprzedane ani udost\u0119pnione osobom trzecim, zgodnie z przepisami Ustawy o ochronie danych osobowych poza konieczno\u015bci\u0105 przekazania danych wynikaj\u0105cych z okoliczno\u015bci opisanych w pkt.14.<\/li>\n<li>Dane osobowe nie b\u0119d\u0105 przekazywane do pa\u0144stwa trzeciego\/organizacji mi\u0119dzynarodowej.<\/li>\n<li>Maj\u0105 Pa\u0144stwo prawo do informacji dotycz\u0105cej Pa\u0144stwa danych osobowych, kt\u00f3re s\u0105 u nas przechowywane, a tak\u017ce prawo do ich sprostowania, ograniczenia przetwarzania, usuni\u0119cia tych danych.<\/li>\n<\/ol>\n<p>&nbsp;<\/p>\n<p><strong>Polityka Cookies<\/strong><\/p>\n<p>&nbsp;<\/p>\n<ol start=\"18\">\n<li>Serwis nie zbiera w spos\u00f3b automatyczny \u017cadnych informacji, z wyj\u0105tkiem informacji zawartych w plikach cookies.<\/li>\n<li>Pliki cookies (tzw. \u201eciasteczka\u201d) stanowi\u0105 dane informatyczne, w szczeg\u00f3lno\u015bci pliki tekstowe, kt\u00f3re przechowywane s\u0105 w urz\u0105dzeniu ko\u0144cowym U\u017cytkownika Serwisu i przeznaczone s\u0105 do korzystania ze stron internetowych Serwisu. Cookies zazwyczaj zawieraj\u0105 nazw\u0119 strony internetowej, z kt\u00f3rej pochodz\u0105, czas przechowywania ich na urz\u0105dzeniu ko\u0144cowym oraz unikalny numer.<\/li>\n<li>Podmiotem zamieszczaj\u0105cym na urz\u0105dzeniu ko\u0144cowym U\u017cytkownika Serwisu pliki cookies oraz uzyskuj\u0105cym do nich dost\u0119p jest operator Serwisu TSplus.pl z siedzib\u0105 w \u0141odzi pod adresem ul. FerdynandaOssendowskiego 7.<\/li>\n<li>Pliki cookies wykorzystywane s\u0105 w celu:<\/li>\n<\/ol>\n<ol>\n<li>dostosowania zawarto\u015bci stron internetowych Serwisu do preferencji U\u017cytkownika oraz optymalizacji korzystania ze stron internetowych; w szczeg\u00f3lno\u015bci pliki te pozwalaj\u0105 rozpozna\u0107 urz\u0105dzenie U\u017cytkownika Serwisu i odpowiednio wy\u015bwietli\u0107 stron\u0119 internetow\u0105, dostosowan\u0105 do jego indywidualnych potrzeb;<\/li>\n<li>tworzenia statystyk, kt\u00f3re pomagaj\u0105 zrozumie\u0107, w jaki spos\u00f3b U\u017cytkownicy Serwisu korzystaj\u0105 ze stron internetowych, co umo\u017cliwia ulepszanie ich struktury i zawarto\u015bci<\/li>\n<li>utrzymanie sesji U\u017cytkownika Serwisu (po zalogowaniu), dzi\u0119ki kt\u00f3rej U\u017cytkownik nie musi na ka\u017cdej podstronie Serwisu ponownie wpisywa\u0107 loginu i has\u0142a;<\/li>\n<\/ol>\n<ol start=\"22\">\n<li>W ramach Serwisu stosowane s\u0105 dwa zasadnicze rodzaje plik\u00f3w cookies:<\/li>\n<\/ol>\n<p>\u201esesyjne\u201d (session cookies) oraz<\/p>\n<p>\u201esta\u0142e\u201d (persistent cookies).<\/p>\n<p>Cookies \u201esesyjne\u201d s\u0105 plikami tymczasowymi, kt\u00f3re przechowywane s\u0105 w urz\u0105dzeniu ko\u0144cowym U\u017cytkownika do czasu wylogowania, opuszczenia strony internetowej lub wy\u0142\u0105czenia oprogramowania (przegl\u0105darki internetowej).<\/p>\n<p>\u201eSta\u0142e\u201d pliki cookies przechowywane s\u0105 w urz\u0105dzeniu ko\u0144cowym U\u017cytkownika przez czas okre\u015blony w parametrach plik\u00f3w cookies lub do czasu ich usuni\u0119cia przez U\u017cytkownika.<\/p>\n<ol start=\"23\">\n<li>W ramach Serwisu stosowane s\u0105 nast\u0119puj\u0105ce rodzaje plik\u00f3w cookies:<\/li>\n<\/ol>\n<p>&nbsp;<\/p>\n<ol>\n<li>\u201eniezb\u0119dne\u201d pliki cookies, umo\u017cliwiaj\u0105ce korzystanie z us\u0142ug dost\u0119pnych w ramach Serwisu, np. uwierzytelniaj\u0105ce pliki cookies wykorzystywane do us\u0142ug wymagaj\u0105cych uwierzytelniania w ramach Serwisu;<\/li>\n<li>pliki cookies s\u0142u\u017c\u0105ce do zapewnienia bezpiecze\u0144stwa, np. wykorzystywane do wykrywania nadu\u017cy\u0107 w zakresie uwierzytelniania w ramach Serwisu;<\/li>\n<li>\u201ewydajno\u015bciowe\u201d pliki cookies, umo\u017cliwiaj\u0105ce zbieranie informacji o sposobie korzystania ze stron internetowych Serwisu;<\/li>\n<li>\u201efunkcjonalne\u201d pliki cookies, umo\u017cliwiaj\u0105ce \u201ezapami\u0119tanie\u201d wybranych przez U\u017cytkownika ustawie\u0144 i personalizacj\u0119 interfejsu U\u017cytkownika, np. w zakresie wybranego j\u0119zyka lub regionu, z kt\u00f3rego pochodzi U\u017cytkownik, rozmiaru czcionki, wygl\u0105du strony internetowej itp.;<\/li>\n<\/ol>\n<ol start=\"24\">\n<li>W wielu przypadkach oprogramowanie s\u0142u\u017c\u0105ce do przegl\u0105dania stron internetowych (przegl\u0105darka internetowa) domy\u015blnie dopuszcza przechowywanie plik\u00f3w cookies w urz\u0105dzeniu ko\u0144cowym U\u017cytkownika. U\u017cytkownicy Serwisu mog\u0105 dokona\u0107 w ka\u017cdym czasie zmiany ustawie\u0144 dotycz\u0105cych plik\u00f3w cookies. Ustawienia te mog\u0105 zosta\u0107 zmienione w szczeg\u00f3lno\u015bci w taki spos\u00f3b, aby blokowa\u0107 automatyczn\u0105 obs\u0142ug\u0119 plik\u00f3w cookies w ustawieniach przegl\u0105darki internetowej b\u0105d\u017a informowa\u0107 o ich ka\u017cdorazowym zamieszczeniu w urz\u0105dzeniu U\u017cytkownika Serwisu. Szczeg\u00f3\u0142owe informacje o mo\u017cliwo\u015bci i sposobach obs\u0142ugi plik\u00f3w cookies dost\u0119pne s\u0105 w ustawieniach oprogramowania (przegl\u0105darki internetowej).<\/li>\n<li>Operator Serwisu informuje, \u017ce ograniczenia stosowania plik\u00f3w cookies mog\u0105 wp\u0142yn\u0105\u0107 na niekt\u00f3re funkcjonalno\u015bci dost\u0119pne na stronach internetowych Serwisu.<\/li>\n<li>Wi\u0119cej informacji na temat plik\u00f3w cookies dost\u0119pnych jest w sekcji \u201ePomoc\u201d w menu przegl\u0105darki internetowej.<\/li>\n<\/ol>\n<p><strong>USUWANIE I ZARZ\u0104DZANIE PLIKAMI COOKIES<\/strong><\/p>\n<ol start=\"27\">\n<li>Wi\u0119kszo\u015b\u0107 przegl\u0105darek umo\u017cliwia u\u017cytkownikom kontrolowanie plik\u00f3w cookie w ustawieniach preferencji. U\u017cytkownicy powinni przeczyta\u0107 polityk\u0119 ochrony prywatno\u015bci tych przegl\u0105darek, aby pozna\u0107 ich zasady korzystania z plik\u00f3w cookie. Ograniczenie mo\u017cliwo\u015bci ustawienia plik\u00f3w cookie mo\u017ce pogorszy\u0107 og\u00f3ln\u0105 funkcjonalno\u015b\u0107 korzystania ze strony\u00a0<a href=\"http:\/\/www.tsplus.pl\">tsplus.eu<\/a>\/store.<\/li>\n<\/ol>\n<p>W celu zarz\u0105dzania ustawieniami cookies jak r\u00f3wnie\u017c ich usuni\u0119cia wybierz przegl\u0105dark\u0119 internetow\u0105, kt\u00f3rej u\u017cywasz i post\u0119puj zgodnie z instrukcjami na ka\u017cdym urz\u0105dzeniu, z kt\u00f3rego odwiedzono stron\u0119 w domenie tsplus.eu<\/p>\n","protected":false},"excerpt":{"rendered":"<p>Eland IT Sp. z o.o. TSPlus Eastern Europe specjalizuje si\u0119 dostarczaniu\u00a0 technologii zdalnego dost\u0119pu do aplikacji i pulpitu. Wyst\u0119puj\u0105c jako Sprzedawca oprogramowania, TSplus dzia\u0142a w charakterze \u201eAdministratora danych\u201d. Zbieramy i przetwarzamy g\u0142\u00f3wnie informacje dotycz\u0105ce firm i sp\u00f3\u0142ek. Jednak\u017ce w trakcie dokonywania tych czynno\u015bci przetwarzamy tak\u017ce dane, kt\u00f3re mog\u0105 by\u0107 zakwalifikowane jako \u201edane osobowe\u201d zgodnie z [&hellip;]<\/p>\n","protected":false},"author":1,"featured_media":0,"parent":0,"menu_order":0,"comment_status":"closed","ping_status":"closed","template":"","meta":{"footnotes":""},"class_list":["post-3700","page","type-page","status-publish","hentry"],"_links":{"self":[{"href":"https:\/\/tsplus.pl\/sklep\/wp-json\/wp\/v2\/pages\/3700","targetHints":{"allow":["GET"]}}],"collection":[{"href":"https:\/\/tsplus.pl\/sklep\/wp-json\/wp\/v2\/pages"}],"about":[{"href":"https:\/\/tsplus.pl\/sklep\/wp-json\/wp\/v2\/types\/page"}],"author":[{"embeddable":true,"href":"https:\/\/tsplus.pl\/sklep\/wp-json\/wp\/v2\/users\/1"}],"replies":[{"embeddable":true,"href":"https:\/\/tsplus.pl\/sklep\/wp-json\/wp\/v2\/comments?post=3700"}],"version-history":[{"count":2,"href":"https:\/\/tsplus.pl\/sklep\/wp-json\/wp\/v2\/pages\/3700\/revisions"}],"predecessor-version":[{"id":3712,"href":"https:\/\/tsplus.pl\/sklep\/wp-json\/wp\/v2\/pages\/3700\/revisions\/3712"}],"wp:attachment":[{"href":"https:\/\/tsplus.pl\/sklep\/wp-json\/wp\/v2\/media?parent=3700"}],"curies":[{"name":"wp","href":"https:\/\/api.w.org\/{rel}","templated":true}]}}