{"id":3715,"date":"2020-04-05T13:43:33","date_gmt":"2020-04-05T11:43:33","guid":{"rendered":"https:\/\/tsplus.eu\/store\/?page_id=3715"},"modified":"2021-11-23T11:02:52","modified_gmt":"2021-11-23T10:02:52","slug":"umowa-licencyjna","status":"publish","type":"page","link":"https:\/\/tsplus.pl\/sklep\/umowa-licencyjna\/","title":{"rendered":"Umowa licencyjna"},"content":{"rendered":"<p><strong>Umowa licencyjna oprogramowania TSplus<\/strong><\/p>\n<p>Przed u\u017cyciem pobranego oprogramowania TSplus zapoznaj si\u0119 z poni\u017cszymi warunkami. Korzystanie z oprogramowania, po jego pobraniu, oznacza, \u017ce \u200b\u200bakceptujesz te warunki i rozumiesz, \u017ce b\u0119d\u0105 one prawnie wi\u0105\u017c\u0105ce dla ciebie i Terminal Service Plus. Je\u015bli nie zgadzasz si\u0119 z tymi warunkami lub nie chcesz, aby by\u0142y dla ciebie wi\u0105\u017c\u0105ce, powiniene\u015b usun\u0105\u0107 pobrane oprogramowanie z ka\u017cdego no\u015bnika pami\u0119ci, na kt\u00f3rym s\u0105 przechowywane.<\/p>\n<p><strong>W\u0142asno\u015b\u0107<\/strong><\/p>\n<p>U\u017cytkownik przyjmuje do wiadomo\u015bci i zgadza si\u0119 na to, \u017ce TSplus (\u201elicencjodawca\u201d) jest w\u0142a\u015bcicielem wszystkich praw, tytu\u0142u i udzia\u0142\u00f3w w pobranym oprogramowaniu TSplus oraz zawartych w nim programach komputerowych w postaci kodu wynikowego, a tak\u017ce do\u0142\u0105czonej dokumentacji u\u017cytkownika wraz z wszystkimi kolejnymi ich kopiami, niezale\u017cnie od no\u015bnika lub formy, w jakiej mog\u0105 one wyst\u0105pi\u0107 (\u0142\u0105cznie \u201eoprogramowanie\u201d). Oprogramowanie jest chronione prawem autorskim i postanowieniami traktat\u00f3w mi\u0119dzynarodowych, a niniejsza umowa licencyjna nie przekazuje u\u017cytkownikowi \u017cadnych praw do oprogramowania, tre\u015bci cyfrowych ani wszelkich towarzysz\u0105cych materia\u0142\u00f3w drukowanych, lecz jedynie ograniczone prawo u\u017cytkowania wraz z ograniczonym powielaniem, kt\u00f3re to prawa mog\u0105 zosta\u0107 w okre\u015blonych przypadkach uniewa\u017cnione zgodnie z warunkami niniejszej umowy licencyjnej.<\/p>\n<p><strong>Zasady udzielenia licencji<\/strong><\/p>\n<p>Licencjodawca niniejszym udziela, za zgod\u0105 u\u017cytkownika ko\u0144cowego, niewy\u0142\u0105cznej licencji na korzystanie z oprogramowania zgodnie z warunkami niniejszej umowy.<\/p>\n<p><strong>Pulpit zdalny \/ Pomoc zdalna<\/strong><\/p>\n<p>Oprogramowanie zawiera technologie pulpitu zdalnego (RDS) i pomocy zdalnej, kt\u00f3re umo\u017cliwiaj\u0105 zdalny dost\u0119p do oprogramowania lub aplikacji zainstalowanych na serwerze TSplus (zwanym dalej urz\u0105dzeniem hosta) z innych urz\u0105dze\u0144. U\u017cytkownik mo\u017ce korzysta\u0107 z funkcji pulpitu zdalnego oprogramowania (RDS) w celu uzyskania dost\u0119pu do urz\u0105dzenia hosta z dowolnego urz\u0105dzenia, pod warunkiem nabycia osobnej licencji na oprogramowanie dla tego urz\u0105dzenia.<\/p>\n<p>Podczas korzystania z Pomocy zdalnej (lub innego oprogramowania zapewniaj\u0105cego podobn\u0105 funkcjonalno\u015b\u0107 do podobnego celu) mo\u017cesz udost\u0119pnia\u0107 Sesj\u0119 innym u\u017cytkownikom bez ograniczenia liczby po\u0142\u0105cze\u0144 Urz\u0105dze\u0144 i bez nabywania dodatkowych licencji na Oprogramowanie. W przypadku aplikacji Microsoft i firm innych ni\u017c Microsoft nale\u017cy zapozna\u0107 si\u0119 z umow\u0105 licencyjn\u0105 do\u0142\u0105czon\u0105 do odpowiedniego oprogramowania lub skontaktowa\u0107 si\u0119 z odpowiednim licencjodawc\u0105, aby ustali\u0107, czy korzystanie z oprogramowania za pomoc\u0105 pulpitu zdalnego (RDS) lub pomocy zdalnej jest dozwolone bez dodatkowej licencji.<\/p>\n<p><strong>Prawa zastrze\u017cone<\/strong><\/p>\n<p>Wszelkie prawa, kt\u00f3re nie zosta\u0142y wyra\u017anie udzielone na mocy niniejszej umowy licencyjnej, s\u0105 zastrze\u017cone przez licencjodawc\u0119.<\/p>\n<p><strong>Demo<\/strong><\/p>\n<p>Pr\u00f3bna Wersja demonstracyjna oprogramowania mo\u017ce by\u0107 u\u017cywana wy\u0142\u0105cznie do cel\u00f3w ewaluacyjnych lub do u\u017cytku niekomercyjnego. W przypadku zastosowa\u0144 komercyjnych wymagane jest wykupienie licencji na normaln\u0105 wersj\u0119 oprogramowania TSplus.<\/p>\n<p><strong>Bez demonta\u017cu<\/strong><\/p>\n<p>U\u017cytkownik przyjmuje do wiadomo\u015bci i zgadza si\u0119 na warunki, zgodnie z kt\u00f3rymi nie wolno kopiowa\u0107 programu do \u017cadnej formy nadaj\u0105cej si\u0119 do odczytu lub formy drukowanej, z wyj\u0105tkiem archiwizacji lub kopii zapasowej zgodnie z warunkami niniejszej umowy. Nie mo\u017cna r\u00f3wnie\u017c przetwarza\u0107 kodu \u017ar\u00f3d\u0142owego, dekompilowa\u0107, dezasemblowa\u0107, t\u0142umaczy\u0107, \u0142\u0105czy\u0107 z innym programem komputerowym, ukrywa\u0107 lub usuwa\u0107 informacji o prawach autorskich licencjodawcy lub w inny spos\u00f3b modyfikowa\u0107 oprogramowania.<\/p>\n<p><strong>Transfer oprogramowania<\/strong><\/p>\n<p>U\u017cytkownik nie b\u0119dzie udziela\u0107 sublicencji, cedowa\u0107 ani przenosi\u0107 licencji, oprogramowania ani \u017cadnych praw wynikaj\u0105cych z niniejszej umowy bez uprzedniej pisemnej zgody licencjodawcy. Wszelkie pr\u00f3by podlicencjonowania, cesji lub przeniesienia jakichkolwiek praw, obowi\u0105zk\u00f3w lub zobowi\u0105za\u0144 wynikaj\u0105cych z niniejszej umowy s\u0105 niewa\u017cne.<\/p>\n<p><strong>Aktualizacje i nowe wersje<\/strong><\/p>\n<p>W przypadku opracowania aktualizacji lub nowych wersji oprogramowania licencjodawca mo\u017ce wed\u0142ug w\u0142asnego uznania udost\u0119pni\u0107 takie aktualizacje i nowe wersje po uiszczeniu wszelkich wymaganych op\u0142at. Je\u015bli oprogramowanie jest zaktualizowane i udost\u0119pnione, mo\u017cesz korzysta\u0107 z aktualizacji oprogramowania zgodnie z warunkami niniejszej umowy licencyjnej.<\/p>\n<p><strong>Warunki i wypowiedzenie<\/strong><\/p>\n<p>Niniejsza umowa licencyjna obowi\u0105zuje od momentu otwarcia pakietu oprogramowania lub jego pierwszego u\u017cycia, je\u015bli zostanie pobrane, i b\u0119dzie obowi\u0105zywa\u0107 do\u017cywotnio, chyba \u017ce zostanie wcze\u015bniej rozwi\u0105zana zgodnie z niniejszymi warunkami. Mo\u017cesz rozwi\u0105za\u0107 niniejsz\u0105 umow\u0119 licencyjn\u0105 w dowolnym momencie, odinstalowuj\u0105c oprogramowanie, a nast\u0119pnie zwracaj\u0105c oprogramowanie oraz wszystkie jego kopie i sk\u0142adniki do \u00a0licencjodawcy.<\/p>\n<p><strong>Wielokrotne u\u017cycie<\/strong><\/p>\n<p>Nie mo\u017cna u\u017cywa\u0107 oprogramowania na dw\u00f3ch lub wi\u0119cej komputerach jednocze\u015bnie. Dla ka\u017cdego komputera, na kt\u00f3rym instalujesz oprogramowanie, musisz kupi\u0107 oddzieln\u0105 licencj\u0119. Licencja jest powi\u0105zana z komputerem, na kt\u00f3rym oprogramowanie jest zainstalowane. W przypadku zakupu nowego komputera nale\u017cy odinstalowa\u0107 oprogramowanie z poprzedniego komputera przed u\u017cyciem oprogramowania na nowym komputerze.<\/p>\n<p><strong>Wynajem oprogramowania<\/strong><\/p>\n<p>Mo\u017cesz u\u017cywa\u0107 oprogramowania w systemach wynajmowanych Twoim klientom. Nie zmienia to jednak regu\u0142y dotycz\u0105cej wielokrotnego u\u017cytku; dla ka\u017cdego (wynaj\u0119tego) komputera, na kt\u00f3rym instalujesz oprogramowanie, musisz kupi\u0107 oddzieln\u0105 licencj\u0119.<\/p>\n<p><strong>Wiele medi\u00f3w<\/strong><\/p>\n<p>Mo\u017cesz otrzyma\u0107 oprogramowanie na wi\u0119cej ni\u017c jednym no\u015bniku pami\u0119ci. Mo\u017cesz u\u017cywa\u0107 tylko jednego no\u015bnika na jednym komputerze. Nie mo\u017cesz u\u017cywa\u0107, kopiowa\u0107, przesy\u0142a\u0107, wydzier\u017cawia\u0107, wynajmowa\u0107, sprzedawa\u0107, przypisywa\u0107 ani w inny spos\u00f3b przenosi\u0107 innego no\u015bnika na innego u\u017cytkownika lub inny komputer.<\/p>\n<p><strong>Jaki jest<\/strong><\/p>\n<p>Program jest dostarczany \u201etaki, jaki jest\u201d, bez jakiejkolwiek gwarancji, wyra\u017anej lub dorozumianej, w tym mi\u0119dzy innymi dorozumianych gwarancji przydatno\u015bci handlowej i przydatno\u015bci do okre\u015blonego celu. Licencjodawca nie gwarantuje, \u017ce funkcje zawarte w oprogramowaniu spe\u0142ni\u0105 Twoje wymagania lub \u017ce dzia\u0142anie oprogramowania b\u0119dzie nieprzerwane lub wolne od b\u0142\u0119d\u00f3w. Niekt\u00f3re kraje nie zezwalaj\u0105 na wy\u0142\u0105czenie dorozumianych gwarancji, wi\u0119c powy\u017csze wy\u0142\u0105czenie mo\u017ce nie mie\u0107 zastosowania. Niniejsza gwarancja daje okre\u015blone prawa, a tak\u017ce mog\u0105 mie\u0107 inne prawa, kt\u00f3re r\u00f3\u017cni\u0105 si\u0119 w zale\u017cno\u015bci od kraju.<\/p>\n<p><strong>Niedozwolone lub zabronione u\u017cycie<\/strong><\/p>\n<p>Warunkiem korzystania z oprogramowania jest zastrze\u017cenie, \u017ce nie b\u0119dzie ono u\u017cywane do cel\u00f3w niezgodnych z prawem lub zabronionych przez niniejsze warunki, zasady i postanowienia. Nie wolno u\u017cywa\u0107 oprogramowania w spos\u00f3b naruszaj\u0105cy obowi\u0105zuj\u0105ce prawo.<\/p>\n<p><strong>Granice odpowiedzialno\u015bci<\/strong><\/p>\n<p>W \u017cadnym wypadku licencjodawca nie ponosi odpowiedzialno\u015bci za jakiekolwiek szkody, w tym mi\u0119dzy innymi utracone zyski, utracone oszcz\u0119dno\u015bci lub inne szczeg\u00f3lne lub przypadkowe szkody wynikaj\u0105ce z u\u017cytkowania lub niemo\u017cno\u015bci korzystania z oprogramowania, nawet je\u015bli licencjodawca lub jego autoryzowany dealer zosta\u0142 poinformowany o mo\u017cliwo\u015bci wyst\u0105pienia takich szk\u00f3d lub o roszczeniach innych stron. W ka\u017cdym przypadku \u0142\u0105czna odpowiedzialno\u015b\u0107 licencjodawcy wobec Ciebie lub jakiejkolwiek innej strony trzeciej za jakiekolwiek straty lub szkody wynikaj\u0105ce z jakichkolwiek roszcze\u0144, \u017c\u0105da\u0144 lub dzia\u0142a\u0144 wynikaj\u0105cych z niniejszej umowy lub z ni\u0105 zwi\u0105zanych nie mo\u017ce przekroczy\u0107 op\u0142aty licencyjnej zap\u0142aconej licencjodawcy za licencj\u0119 i korzystanie z tego oprogramowania.<\/p>\n<p><strong>Umowa<\/strong><\/p>\n<p>Licencjobiorca potwierdza, \u017ce zapozna\u0142 si\u0119 i zrozumia\u0142 postanowienia niniejszej Umowy i \u017ce niniejsza Umowa stanowi ca\u0142kowite porozumienie pomi\u0119dzy Licencjodawc\u0105 a Licencjobiorc\u0105 w kwestii Oprogramowania obj\u0119tego licencj\u0105 i zast\u0119puje wszystkie wcze\u015bniejsze Umowy, pisemne lub ustne. Nie mo\u017cna jej modyfikowa\u0107 ani poprawia\u0107, z wyj\u0105tkiem formy pisemnej asygnowanej przez przedstawiciela Licencjodawcy i odnosz\u0105cej si\u0119 konkretnie do niniejszej Umowy. Niniejsza Umowa ma pierwsze\u0144stwo przed wszelkimi innymi dokumentami, kt\u00f3re mog\u0105 by\u0107 z ni\u0105 sprzeczne. Niniejszym potwierdzasz, \u017ce przeczyta\u0142e\u015b niniejsze warunki licencji na oprogramowanie, rozumiesz je i zgadzasz si\u0119 na ich przestrzeganie.<\/p>\n<p>&nbsp;<\/p>\n","protected":false},"excerpt":{"rendered":"<p>Umowa licencyjna oprogramowania TSplus Przed u\u017cyciem pobranego oprogramowania TSplus zapoznaj si\u0119 z poni\u017cszymi warunkami. Korzystanie z oprogramowania, po jego pobraniu, oznacza, \u017ce \u200b\u200bakceptujesz te warunki i rozumiesz, \u017ce b\u0119d\u0105 one prawnie wi\u0105\u017c\u0105ce dla ciebie i Terminal Service Plus. Je\u015bli nie zgadzasz si\u0119 z tymi warunkami lub nie chcesz, aby by\u0142y dla ciebie wi\u0105\u017c\u0105ce, powiniene\u015b usun\u0105\u0107 [&hellip;]<\/p>\n","protected":false},"author":1,"featured_media":0,"parent":0,"menu_order":0,"comment_status":"closed","ping_status":"closed","template":"","meta":{"footnotes":""},"class_list":["post-3715","page","type-page","status-publish","hentry"],"_links":{"self":[{"href":"https:\/\/tsplus.pl\/sklep\/wp-json\/wp\/v2\/pages\/3715","targetHints":{"allow":["GET"]}}],"collection":[{"href":"https:\/\/tsplus.pl\/sklep\/wp-json\/wp\/v2\/pages"}],"about":[{"href":"https:\/\/tsplus.pl\/sklep\/wp-json\/wp\/v2\/types\/page"}],"author":[{"embeddable":true,"href":"https:\/\/tsplus.pl\/sklep\/wp-json\/wp\/v2\/users\/1"}],"replies":[{"embeddable":true,"href":"https:\/\/tsplus.pl\/sklep\/wp-json\/wp\/v2\/comments?post=3715"}],"version-history":[{"count":3,"href":"https:\/\/tsplus.pl\/sklep\/wp-json\/wp\/v2\/pages\/3715\/revisions"}],"predecessor-version":[{"id":4786,"href":"https:\/\/tsplus.pl\/sklep\/wp-json\/wp\/v2\/pages\/3715\/revisions\/4786"}],"wp:attachment":[{"href":"https:\/\/tsplus.pl\/sklep\/wp-json\/wp\/v2\/media?parent=3715"}],"curies":[{"name":"wp","href":"https:\/\/api.w.org\/{rel}","templated":true}]}}