{"id":3041,"date":"2020-03-19T14:12:30","date_gmt":"2020-03-19T13:12:30","guid":{"rendered":"https:\/\/tsplus.eu\/store\/?post_type=product&#038;p=3041"},"modified":"2026-04-01T02:50:31","modified_gmt":"2026-04-01T00:50:31","slug":"tsplus-enterprise-unl","status":"publish","type":"product","link":"https:\/\/tsplus.pl\/sklep\/store\/tsplus-enterprise\/tsplus-enterprise-unl\/","title":{"rendered":"TSplus Remote Access ENTERPRISE UNL"},"content":{"rendered":"<p><strong>WERSJA ENTERPRISE<\/strong><\/p>\n<p><strong><em>WSZYSTKIE FUNKCJE W JEDNYM PRODUKCIE!<\/em><\/strong><\/p>\n<p><strong>Wersja Enterprise zapewnia Ci pe\u0142ne korzy\u015bci produktu TSplus.<\/strong><\/p>\n<p><strong>Je\u015bli chcesz hostowa\u0107 du\u017c\u0105 liczb\u0119 u\u017cytkownik\u00f3w i wdro\u017cy\u0107 farm\u0119 serwer\u00f3w, zarz\u0105dza\u0107 wykorzystaniem serwer\u00f3w poprzez wprowadzenie r\u00f3wnowa\u017cenia obci\u0105\u017cenia i zabezpieczy\u0107 dost\u0119p zdalny za pomoc\u0105 Bramy Odwrotnego Proxy bez ogranicze\u0144 dla przysz\u0142ych wdro\u017ce\u0144,<\/strong><\/p>\n<p><strong>Wersja TSplus ENTERPRISE jest najlepszym rozwi\u0105zaniem dla Ciebie!<\/strong><\/p>\n<p><strong>TsPlus\u00a0ENTERPRISE<\/strong>\u00a0zawiera wszystkie funkcjonalno\u015bci wersji SYSTEM i PRINTER oraz MOBILE\u00a0&amp; WEB. Dodatkowo wspiera du\u017ce instalacje wielu serwer\u00f3w dost\u0119pu do Zdalnego Pulpitu lub aplikacji (do 20 host\u00f3w). Posiada wbudowany mechanizm FAILOVER i LOAD BALANCING.\u00a0Jeden z\u00a0host\u00f3w w farmie mo\u017ce pe\u0142ni\u0107 obowi\u0105zki serwera brzegowego zarz\u0105dzaj\u0105cego dost\u0119pem\u00a0do pozosta\u0142ych zasob\u00f3w. Mo\u017cliwo\u015b\u0107 przypisywania\u00a0jednego lub kilku serwer\u00f3w do u\u017cytkownika lub grupy u\u017cytkownik\u00f3w. Pe\u0142na wsp\u00f3\u0142praca z Active Directory. Rozwi\u0105zanie ENTERPRISE umo\u017cliwia bezpieczn\u0105 prac\u0119 do 1000\u00a0jednoczesnych sesji zdalnych.<\/p>\n<p><strong>Lista Funkcji:<\/strong><\/p>\n<ul>\n<li>Obs\u0142uga dowolnej liczby serwer\u00f3w dla w pe\u0142ni skalowalnej farmy serwer\u00f3w TSplus.<\/li>\n<li>Architektura Farmy TSplus jest \u0142atwa do wdro\u017cenia i zarz\u0105dzania dzi\u0119ki r\u00f3wnowa\u017ceniu obci\u0105\u017cenia, SecureGateway i mo\u017cliwo\u015bciom odwrotnego Proxy<\/li>\n<li>Do 1000 u\u017cytkownik\u00f3w pracuj\u0105cych jednocze\u015bnie na skalowalnej architekturze z r\u00f3wnowa\u017ceniem obci\u0105\u017cenia,<\/li>\n<li>Brzegowy Portal Enterprise, umo\u017cliwiaj\u0105cy kontrolowany dost\u0119p do wszystkich serwer\u00f3w w Farmie TSplus,<\/li>\n<li>Mo\u017cliwo\u015b\u0107 przypisania jednego lub kilku serwer\u00f3w aplikacji do u\u017cytkownik\u00f3w lub grup u\u017cytkownik\u00f3w,<\/li>\n<li>Obs\u0142uga r\u00f3wnowa\u017cenia obci\u0105\u017cenia i prze\u0142\u0105czania awaryjnego (Failover i Load Balancing),<\/li>\n<li>Gateway Portal w\u0142\u0105cznie z funkcj\u0105 Odwrotnego Proxy i\/lub Kontroli dost\u0119pu do serwera.<\/li>\n<li>Wszystkie funkcje i zalety r\u00f3\u017cnych wersji TSplus s\u0105 zawarte w TSplus Enterprise.<\/li>\n<li><strong> \u0141\u0105cz si\u0119 z dowolnej przegl\u0105darki<\/strong><\/li>\n<li>Dost\u0119p do pulpitu zdalnego z dowolnej przegl\u0105darki internetowej (Internet Explorer, Safari, Firefox, czy Chrome)<\/li>\n<li>Portal Internetowy zawiera KlientaHTML5 oraz RemoteApp Web Access.<\/li>\n<li>\u0141atwe po\u0142\u0105czenie z ka\u017cdego urz\u0105dzenia mobilnego.<\/li>\n<li><strong>Wbudowany Serwer HTTP\/HTTPS<\/strong><\/li>\n<li>Bezpiecznie \u0142\u0105cz si\u0119 z ka\u017cdego miejsca na \u015bwiecie!<\/li>\n<li>Dzi\u0119ki tunelowaniu i przekierowaniu port\u00f3w TSplus SSH ca\u0142a komunikacja sieciowa jest kompleksowo szyfrowana.<\/li>\n<li>Mo\u017cliwo\u015b\u0107 autoryzacji dost\u0119pu za pomoc\u0105 kodu PIN.<\/li>\n<\/ul>\n<p>&nbsp;<\/p>\n<ul>\n<li><strong>Adaptowalny Portal Internetowy<\/strong><\/li>\n<li>\u0141atwy w u\u017cyciu zestaw narz\u0119dzi dla webmaster\u00f3w dla dostosowania strony logowania do TSplus,<\/li>\n<li>Portal wy\u015bwietlaj\u0105cy list\u0119 publikowanych aplikacji u\u017cytkownika,<\/li>\n<li>Mo\u017cesz dowolnie doda\u0107 kolory, nazw\u0119 i zdj\u0119cia swojej firmy.<\/li>\n<\/ul>\n<p>&nbsp;<\/p>\n<ul>\n<li><strong>Wirtualna Drukarka Uniwersalna<\/strong><\/li>\n<li>Drukuj ze swojego urz\u0105dzenia mobilnego typu IPAD czy Tablet na najbli\u017cszej lokalnej drukarce.<\/li>\n<li>Uniwersalna drukarka umo\u017cliwia drukowanie z dowolnego miejsca,\u00a0bez konieczno\u015bci instalowania sterownika drukarki na serwerze. Znacz\u0105co przyspiesza wydruki przez internet,<\/li>\n<\/ul>\n<p>&nbsp;<\/p>\n<ul>\n<li>Narz\u0119dzie administratora AdminTool,<\/li>\n<li>Obs\u0142uga po\u0142\u0105cze\u0144 jednoczesnych,<\/li>\n<li>Kontrola aplikacji na u\u017cytkownika i \/ lub na grupy,<\/li>\n<li>TSplus Pasek zada\u0144 i \/ lub TSplus Floating panel aplikacji,<\/li>\n<li>Dost\u0119p do pulpitu zdalnego,<\/li>\n<li>Generator klienta dedykowanego TSplus ,<\/li>\n<li>Klient Seamless i RemoteApp,<\/li>\n<li>W pe\u0142ni zgodny z protoko\u0142em RDP,<\/li>\n<li>Wsparcie dla dual screen, dwukierunkowy d\u017awi\u0119k,<\/li>\n<li>Wsparcie dla po\u0142\u0105cze\u0144 lokalnych i zdalnych,<\/li>\n<li>Wsparcie dla u\u017cytkownik\u00f3w Workgroup i Active Directory.<\/li>\n<\/ul>\n<div id=\"F99647D1_EA38_73AA_AA34_51B2484410CC\"><\/div>\n","protected":false},"excerpt":{"rendered":"<p><strong>\u00a0\u00a0 <a href=\"https:\/\/tsplus.pl\/sklep\/wp-content\/uploads\/2020\/03\/domek.png\"><img decoding=\"async\" class=\"size-full wp-image-3184 alignleft\" src=\"https:\/\/tsplus.pl\/sklep\/wp-content\/uploads\/2020\/03\/domek.png\" alt=\"\" width=\"50\" height=\"50\" \/><\/a>Wersja ENTERPRISE \u2013 Licencja na nielimitowan\u0105 ilo\u015b\u0107 u\u017cytkownik\u00f3w: <\/strong><\/p>\n<p><strong>Skorzystaj z pe\u0142nej gamy technologii TSplus, a tak\u017ce z Portalu Gateway, aby uzyska\u0107 dost\u0119p do wielu system\u00f3w TSplus oraz z unikalnego systemu r\u00f3wnowa\u017cenia obci\u0105\u017cenia w po\u0142\u0105czeniu z wydajnym Servers Farm Manager<\/strong><\/p>\n<p><span style=\"color: #ff4500;\"><b>UWAGA! Licencja zawiera startow\u0105 us\u0142ug\u0119 Wsparcia \/ Aktualizacji na okres jednego roku. Je\u015bli chcesz od razu dokupi\u0107 dodatkowe Wsparcie, wybierz odpowiedni okres w poni\u017cszej tabeli. Je\u015bli nie jeste\u015b zainteresowany\u00a0wyd\u0142u\u017conym okresem Wsparcia, wybierz 'Kupuj\u0119 bez Wsparcia&#8217;. Otrzymasz w\u00f3wczas licencj\u0119 zawieraj\u0105c\u0105 standardowo roczne Wsparcie na start.<\/b><\/span><\/p>\n<div id=\"F99647D1_EA38_73AA_AA34_51B2484410CC\"><\/div>\n","protected":false},"featured_media":5710,"comment_status":"open","ping_status":"closed","template":"","meta":[],"product_brand":[],"product_cat":[97],"product_tag":[],"class_list":{"0":"post-3041","1":"product","2":"type-product","3":"status-publish","4":"has-post-thumbnail","6":"product_cat-tsplus-enterprise","8":"first","9":"instock","10":"taxable","11":"shipping-taxable","12":"purchasable","13":"product-type-variable","14":"has-default-attributes"},"_links":{"self":[{"href":"https:\/\/tsplus.pl\/sklep\/wp-json\/wp\/v2\/product\/3041","targetHints":{"allow":["GET"]}}],"collection":[{"href":"https:\/\/tsplus.pl\/sklep\/wp-json\/wp\/v2\/product"}],"about":[{"href":"https:\/\/tsplus.pl\/sklep\/wp-json\/wp\/v2\/types\/product"}],"replies":[{"embeddable":true,"href":"https:\/\/tsplus.pl\/sklep\/wp-json\/wp\/v2\/comments?post=3041"}],"wp:featuredmedia":[{"embeddable":true,"href":"https:\/\/tsplus.pl\/sklep\/wp-json\/wp\/v2\/media\/5710"}],"wp:attachment":[{"href":"https:\/\/tsplus.pl\/sklep\/wp-json\/wp\/v2\/media?parent=3041"}],"wp:term":[{"taxonomy":"product_brand","embeddable":true,"href":"https:\/\/tsplus.pl\/sklep\/wp-json\/wp\/v2\/product_brand?post=3041"},{"taxonomy":"product_cat","embeddable":true,"href":"https:\/\/tsplus.pl\/sklep\/wp-json\/wp\/v2\/product_cat?post=3041"},{"taxonomy":"product_tag","embeddable":true,"href":"https:\/\/tsplus.pl\/sklep\/wp-json\/wp\/v2\/product_tag?post=3041"}],"curies":[{"name":"wp","href":"https:\/\/api.w.org\/{rel}","templated":true}]}}