{"id":5031,"date":"2022-01-28T20:16:03","date_gmt":"2022-01-28T19:16:03","guid":{"rendered":"https:\/\/tsplus.pl\/sklep\/?post_type=product&#038;p=5031"},"modified":"2026-04-01T01:16:08","modified_gmt":"2026-03-31T23:16:08","slug":"tsplus-remote-access-desktop-5","status":"publish","type":"product","link":"https:\/\/tsplus.pl\/sklep\/store\/tsplus-desktop\/tsplus-remote-access-desktop-5\/","title":{"rendered":"TSplus Remote Access Desktop 5"},"content":{"rendered":"<h2>TSplus Remote Access &#8211; Desktop 5<\/h2>\n<p><strong>PODSTAWOWY PULPIT ZDALNY I FUNKCJE UDOST\u0118PNIANIA APLIKACJI. ZAWIERA R\u00d3WNIE\u017b TSPLUS UNIVERSAL PRINTER!<\/strong><strong>\u00a0<\/strong><\/p>\n<p>Je\u015bli chcesz skorzysta\u0107 z podstawowych funkcji TSplus w atrakcyjnej cenie, a do tego <strong>musisz drukowa\u0107 z dowolnego miejsca w ramach sesji TSplus, <\/strong>to wersja TSplus DESKTOP jest najlepszym rozwi\u0105zaniem dla Ciebie!<\/p>\n<p>TSplus DESKTOP to podstawowa wersja naszego programu. Funkcjonalno\u015b\u0107 pozwala na \u0142\u0105czenie si\u0119 ze zdalnym pulpitem, mapowanie lokalnych zasob\u00f3w, jak r\u00f3wnie\u017c publikowanie wybranych aplikacji lub \u0142\u0105czenie si\u0119 klientem dedykowanym TSplus. Wersja DESKTOP dodatkowo posiada zaimplementowany mechanizm 'Universal Printer&#8217;, kt\u00f3ry pozwala drukowa\u0107 ze zdalnego serwera bez potrzeby instalacji oprogramowania drukarki lokalnej. Dzi\u0119ki takiemu rozwi\u0105zaniu serwer nie jest obci\u0105\u017cony wydrukami i generuje je szybciej. Dodatkowo przez sie\u0107 przesy\u0142ane s\u0105 jedynie lekkie pliki postscriptowe co znacznie przyspiesza prac\u0119.<\/p>\n<p>Poni\u017cej lista funkcji:<\/p>\n<ul>\n<li>Universal Printer umo\u017cliwia drukowanie z dowolnego miejsca, bez konieczno\u015bci instalowania sterownika drukarki lokalnej,<\/li>\n<\/ul>\n<ul>\n<li>Narz\u0119dzie administratora AdminTool,<\/li>\n<li>Obs\u0142uga po\u0142\u0105cze\u0144 jednoczesnych,<\/li>\n<li>Kontrola aplikacji na u\u017cytkownika i \/ lub na grupy,<\/li>\n<li>TSplus Pasek zada\u0144 i \/ lub TSplus Floating panel aplikacji,<\/li>\n<li>Dost\u0119p do pulpitu zdalnego,<\/li>\n<li>Generator klienta dedykowanego TSplus ,<\/li>\n<li>Klienci po\u0142\u0105cze\u0144 pulpitu zdalnego Seamless i RemoteApp,<\/li>\n<li>W pe\u0142ni zgodny z protoko\u0142em RDP,<\/li>\n<li>Wsparcie dla dual screen, dwukierunkowy d\u017awi\u0119k,<\/li>\n<li>Wsparcie dla po\u0142\u0105cze\u0144 lokalnych i zdalnych,<\/li>\n<li>Wsparcie dla u\u017cytkownik\u00f3w Workgroup i Active Directory.<\/li>\n<\/ul>\n<h3>TSplus Remote Access Wersja Desktop<\/h3>\n<h3>WYPOSA\u017bONA JEST WE WSZYSTKIE FUNKCJE DAWNYCH WERSJI SYSTEM ORAZ PRINTER!<\/h3>\n<p>&nbsp;<\/p>\n<div id=\"F99647D1_EA38_73AA_AA34_51B2484410CC\"><\/div>\n<div id=\"F99647D1_EA38_73AA_AA34_51B2484410CC\"><\/div>\n<div id=\"F99647D1_EA38_73AA_AA34_51B2484410CC\"><\/div>\n","protected":false},"excerpt":{"rendered":"<p><strong><a href=\"https:\/\/tsplus.pl\/sklep\/wp-content\/uploads\/2020\/03\/drukarka.png\"><img decoding=\"async\" class=\"size-full wp-image-3128 alignleft\" src=\"https:\/\/tsplus.pl\/sklep\/wp-content\/uploads\/2020\/03\/drukarka.png\" alt=\"\" width=\"50\" height=\"50\" \/><\/a>Wersja DESKTOP &#8211; Licencja do 5-ciu u\u017cytkownik\u00f3w:<\/strong><\/p>\n<p><strong>B\u0142yskawicznie zapewnij niezawodny system dost\u0119pu dla dowolnej liczby u\u017cytkownik\u00f3w. Otwieraj wiele sesji, ciesz si\u0119 p\u0142ynnym zdalnym wy\u015bwietlaniem aplikacji i \u0142atwo zarz\u0105dzaj wszystkimi ustawieniami dzi\u0119ki zaawansowanej kontroli aplikacji. Wykorzystaj w pe\u0142ni nasze rozwi\u0105zanie do zdalnego dost\u0119pu i wydrukuj dowolny plik ze zdalnej sesji bezpo\u015brednio na najbli\u017cszej drukarce. Nie jest wymagany konkretny sterownik, uniwersalna drukarka TSplus kompresuje i drukuje lokalnie!<\/strong><\/p>\n<p><span style=\"color: #ff4500;\"><b>UWAGA! Licencja zawiera startow\u0105 us\u0142ug\u0119 Wsparcia \/ Aktualizacji na okres jednego roku. Je\u015bli chcesz od razu dokupi\u0107 dodatkowe Wsparcie, wybierz odpowiedni okres w poni\u017cszej tabeli. Je\u015bli nie jeste\u015b zainteresowany\u00a0wyd\u0142u\u017conym okresem Wsparcia, wybierz 'Kupuj\u0119 bez Wsparcia&#8217;. Otrzymasz w\u00f3wczas licencj\u0119 zawieraj\u0105c\u0105 standardowo roczne Wsparcie na start.<\/b><\/span><\/p>\n<div id=\"F99647D1_EA38_73AA_AA34_51B2484410CC\"><\/div>\n<div id=\"F99647D1_EA38_73AA_AA34_51B2484410CC\"><\/div>\n<div id=\"F99647D1_EA38_73AA_AA34_51B2484410CC\"><\/div>\n","protected":false},"featured_media":6055,"comment_status":"open","ping_status":"closed","template":"","meta":[],"product_brand":[],"product_cat":[1260],"product_tag":[],"class_list":{"0":"post-5031","1":"product","2":"type-product","3":"status-publish","4":"has-post-thumbnail","6":"product_cat-tsplus-desktop","8":"first","9":"instock","10":"taxable","11":"shipping-taxable","12":"purchasable","13":"product-type-variable","14":"has-default-attributes"},"_links":{"self":[{"href":"https:\/\/tsplus.pl\/sklep\/wp-json\/wp\/v2\/product\/5031","targetHints":{"allow":["GET"]}}],"collection":[{"href":"https:\/\/tsplus.pl\/sklep\/wp-json\/wp\/v2\/product"}],"about":[{"href":"https:\/\/tsplus.pl\/sklep\/wp-json\/wp\/v2\/types\/product"}],"replies":[{"embeddable":true,"href":"https:\/\/tsplus.pl\/sklep\/wp-json\/wp\/v2\/comments?post=5031"}],"wp:featuredmedia":[{"embeddable":true,"href":"https:\/\/tsplus.pl\/sklep\/wp-json\/wp\/v2\/media\/6055"}],"wp:attachment":[{"href":"https:\/\/tsplus.pl\/sklep\/wp-json\/wp\/v2\/media?parent=5031"}],"wp:term":[{"taxonomy":"product_brand","embeddable":true,"href":"https:\/\/tsplus.pl\/sklep\/wp-json\/wp\/v2\/product_brand?post=5031"},{"taxonomy":"product_cat","embeddable":true,"href":"https:\/\/tsplus.pl\/sklep\/wp-json\/wp\/v2\/product_cat?post=5031"},{"taxonomy":"product_tag","embeddable":true,"href":"https:\/\/tsplus.pl\/sklep\/wp-json\/wp\/v2\/product_tag?post=5031"}],"curies":[{"name":"wp","href":"https:\/\/api.w.org\/{rel}","templated":true}]}}