{"id":5103,"date":"2022-02-01T12:34:04","date_gmt":"2022-02-01T11:34:04","guid":{"rendered":"https:\/\/tsplus.pl\/sklep\/?post_type=product&#038;p=5103"},"modified":"2026-04-01T02:14:19","modified_gmt":"2026-04-01T00:14:19","slug":"tsplus-mobile-web-plus-10","status":"publish","type":"product","link":"https:\/\/tsplus.pl\/sklep\/store\/tsplus-mobileweb-plus\/tsplus-mobile-web-plus-10\/","title":{"rendered":"TSplus Remote Access MOBILE &#038; WEB PLUS 10"},"content":{"rendered":"<h2>TSplus Remote Access \u2013 Mobile&amp;Web PLUS 10<\/h2>\n<h3>(Remote Access Web&amp;Mobile + Advanced Security Essentials + 2FA + Server Monitoring 1 Serwer + Remote Support 1 Agent)<\/h3>\n<p>Pakiet obejmuje TSplus Remote Access w wersji MOBILE&amp;WEB oraz ca\u0142y zestaw narz\u0119dzi towarzysz\u0105cych, kt\u00f3re sprawi\u0105, \u017ce wydajno\u015b\u0107 Twojego serwera b\u0119dzie optymalna, a bezpiecze\u0144stwo zdalnych po\u0142\u0105cze\u0144 zapewnione. Dodatkowo w pakiecie znajduje si\u0119 TSplus Remote Support \u2013\u00a0 oprogramowanie do zdalnej pomocy technicznej.<\/p>\n<p><strong>WERSJA MOBILE&amp;WEB<\/strong><\/p>\n<p><strong>NASZE NAJLEPSZE ROZWI\u0104ZANIE DO PO\u0141\u0104CZE\u0143 ZDALNYCH!<\/strong><\/p>\n<p><strong>TSplus\u00a0MOBILE\u00a0&amp; WEB<\/strong>\u00a0zawiera wszystkie funkcjonalno\u015bci wersji SYSTEM i PRINTER. Umo\u017cliwia r\u00f3wnie\u017c dost\u0119p do zdalnego pulpitu za pomoc\u0105 dowolnej przegl\u0105darki internetowej. W kodzie strony internetowej Serwera TSplus pracuj\u0105 mechanizmy oparte na Java i HTML5. Dzi\u0119ki temu mo\u017cna pracowa\u0107 na dowolnej platformie sprz\u0119towej i programowej (MacOS, Linux, Windows, Android, iPhone, iPad itd.). Mo\u017cliwo\u015b\u0107 \u0142atwej ingerencji w wygl\u0105d\u00a0 strony WWW\u00a0oraz w\u0142asny portal publikowanych aplikacji, dodatkowo wp\u0142ywaj\u0105 na komfort administrowania zdalnym pulpitem.<\/p>\n<p><strong>Pe\u0142na\u00a0lista mo\u017cliwo\u015bci:<\/strong><\/p>\n<ul>\n<li><strong> \u0141\u0105cz si\u0119 z dowolnej przegl\u0105darki<\/strong><\/li>\n<li>Dost\u0119p do pulpitu zdalnego z dowolnej przegl\u0105darki internetowej (Internet Explorer, Safari, Firefox, czy Chrome)<\/li>\n<li>Portal Internetowy zawiera KlientaHTML5 oraz RemoteApp Web Access.<\/li>\n<li>\u0141atwe po\u0142\u0105czenie z ka\u017cdego urz\u0105dzenia mobilnego.<\/li>\n<\/ul>\n<p>&nbsp;<\/p>\n<ul>\n<li><strong>Wbudowany Serwer HTTP\/HTTPS<\/strong><\/li>\n<li>Bezpiecznie \u0142\u0105cz si\u0119 z ka\u017cdego miejsca na \u015bwiecie!<\/li>\n<li>Dzi\u0119ki tunelowaniu i przekierowaniu port\u00f3w TSplus SSH ca\u0142a komunikacja sieciowa jest kompleksowo szyfrowana.<\/li>\n<li>Mo\u017cliwo\u015b\u0107 autoryzacji dost\u0119pu za pomoc\u0105 kodu PIN.<\/li>\n<\/ul>\n<p>&nbsp;<\/p>\n<ul>\n<li><strong>Adaptowalny Portal Internetowy<\/strong><\/li>\n<li>\u0141atwy w u\u017cyciu zestaw narz\u0119dzi dla webmaster\u00f3w dla dostosowania strony logowania do TSplus,<\/li>\n<li>Portal wy\u015bwietlaj\u0105cy list\u0119 publikowanych aplikacji u\u017cytkownika,<\/li>\n<li>Mo\u017cesz dowolnie doda\u0107 kolory, nazw\u0119 i zdj\u0119cia swojej firmy.<\/li>\n<\/ul>\n<p>&nbsp;<\/p>\n<ul>\n<li><strong>Wirtualna Drukarka Uniwersalna<\/strong><\/li>\n<li>Drukuj ze swojego urz\u0105dzenia mobilnego typu IPAD czy Tablet na najbli\u017cszej lokalnej drukarce.<\/li>\n<li>Uniwersalna drukarka umo\u017cliwia drukowanie z dowolnego miejsca,\u00a0bez konieczno\u015bci instalowania sterownika drukarki na serwerze. Znacz\u0105co przyspiesza wydruki przez internet,<\/li>\n<\/ul>\n<p>&nbsp;<\/p>\n<ul>\n<li>Narz\u0119dzie administratora AdminTool,<\/li>\n<li>Obs\u0142uga po\u0142\u0105cze\u0144 jednoczesnych,<\/li>\n<li>Kontrola aplikacji na u\u017cytkownika i \/ lub na grupy,<\/li>\n<li>TSplus Pasek zada\u0144 i \/ lub TSplus Floating panel aplikacji,<\/li>\n<li>Dost\u0119p do pulpitu zdalnego,<\/li>\n<li>Generator klienta dedykowanego TSplus ,<\/li>\n<li>Klient Seamless i RemoteApp,<\/li>\n<li>W pe\u0142ni zgodny z protoko\u0142em RDP,<\/li>\n<li>Wsparcie dla dual screen, dwukierunkowy d\u017awi\u0119k,<\/li>\n<li>Wsparcie dla po\u0142\u0105cze\u0144 lokalnych i zdalnych,<\/li>\n<li>Wsparcie dla u\u017cytkownik\u00f3w Workgroup i Active Directory.<\/li>\n<\/ul>\n<h3>Dodatki:<\/h3>\n<ul>\n<li><strong>Advanced Security Essentials <\/strong><\/li>\n<\/ul>\n<p>Zaawansowane oprogramowanie, zaprojektowane specjalnie z my\u015bl\u0105 o bezpiecze\u0144stwie cybernetycznym dost\u0119pu zdalnego.<\/p>\n<ul>\n<li><strong>Server Monitoring 1 Serwer<\/strong><\/li>\n<\/ul>\n<p>Oprogramowanie do monitorowania i raportowania w czasie rzeczywistym dla zdalnych serwer\u00f3w. \u015aled\u017a stan serwer\u00f3w i witryn, aby rozwi\u0105zywa\u0107 problemy szybciej i sprawniej.<\/p>\n<div class=\"elementor-element elementor-element-1bfe554c elementor-widget elementor-widget-heading\" data-id=\"1bfe554c\" data-element_type=\"widget\" data-widget_type=\"heading.default\">\n<div class=\"elementor-widget-container\">\n<ul>\n<li><strong>Remote Support 1 Agent<\/strong><\/li>\n<\/ul>\n<p>Oprogramowanie do zdalnego wsparcia. Idealna alternatywa dla TeamViewer do zdalnego sterowania pulpitem i udost\u0119pniania ekranu.<\/p>\n<ul>\n<li><b>2FA &#8211; Uwierzytelnianie dwuetapowe<\/b><\/li>\n<\/ul>\n<\/div>\n<\/div>\n<div id=\"F99647D1_EA38_73AA_AA34_51B2484410CC\"><\/div>\n","protected":false},"excerpt":{"rendered":"<p><strong>\u00a0\u00a0\u00a0\u00a0 Licencja pakietu MOBILE&amp;WEB PLUS \u2013 Do 10-ciu u\u017cytkownik\u00f3w: <a href=\"https:\/\/tsplus.pl\/sklep\/wp-content\/uploads\/2020\/03\/mobile.png\"><img decoding=\"async\" class=\"size-full wp-image-3238 alignleft\" src=\"https:\/\/tsplus.pl\/sklep\/wp-content\/uploads\/2020\/03\/mobile.png\" alt=\"\" width=\"29\" height=\"50\" \/><\/a><\/strong><\/p>\n<p><strong>\u00a0 \u00a0 Pakiet obejmuje (Remote Access Mobile &amp;<\/strong><strong>Web + Advanced Security Essentials + 2FA + Server Monitoring 1 Serwer + Remote Support 1 Agent)<\/strong><\/p>\n<p><strong>Wersja MOBILE&amp;WEB: <\/strong><\/p>\n<p><strong>Ciesz si\u0119 naj\u0142atwiejszym zdalnym dost\u0119pem z dowolnego miejsca i dowolnego urz\u0105dzenia, wszystko czego potrzebujesz to po\u0142\u0105czenie z Internetem i standardowa przegl\u0105darka internetowa. U\u017cyj aplikacji mobilnej TSplus, aby szybciej \u0142\u0105czy\u0107 si\u0119 ze smartfona i tabletu.<\/strong><\/p>\n<p><strong>W pakiecie r\u00f3wnie\u017c:<\/strong><\/p>\n<ul>\n<li><strong>niezawodne narz\u0119dzie do zabezpieczenia serwer\u00f3w i zdalnych po\u0142\u0105cze\u0144 TSplus Advanced Security Essentials<\/strong><\/li>\n<li><strong>program do monitorowania serwer\u00f3w TSplus Server Monitoring Essentials (1 serwer)<\/strong><\/li>\n<li><strong>TSplus Remote Support (1 agent Wsparcia) \u2013 oprogramowanie dedykowane dla zdalnych zespo\u0142\u00f3w Wsparcia Technicznego, umo\u017cliwiaj\u0105ce natychmiastow\u0105 pomoc zdaln\u0105 Twoim klientom w dowolnym miejscu i czasie.<\/strong><\/li>\n<li><strong>2FA (Two Factors Authentication) &#8211; Uwierzytelnienie Dwusk\u0142adnikowe<\/strong><\/li>\n<\/ul>\n<p><span style=\"color: #ff4500;\"><b>UWAGA! Licencja zawiera startow\u0105 us\u0142ug\u0119 Wsparcia \/ Aktualizacji na okres jednego roku. <\/b><\/span><\/p>\n<p><span style=\"color: #ff4500;\"><b>Je\u015bli chcesz od razu dokupi\u0107 dodatkowe Wsparcie dla pakietu licencji PLUS, skontaktuj si\u0119 z naszym dzia\u0142em sprzeda\u017cy: licenses@tsplus.eu lub telefonicznie +48 504 048 028.<\/b><\/span><\/p>\n<div id=\"F99647D1_EA38_73AA_AA34_51B2484410CC\"><\/div>\n","protected":false},"featured_media":5728,"comment_status":"open","ping_status":"closed","template":"","meta":[],"product_brand":[],"product_cat":[1262],"product_tag":[],"class_list":{"0":"post-5103","1":"product","2":"type-product","3":"status-publish","4":"has-post-thumbnail","6":"product_cat-tsplus-mobileweb-plus","8":"first","9":"instock","10":"virtual","11":"taxable","12":"purchasable","13":"product-type-simple"},"_links":{"self":[{"href":"https:\/\/tsplus.pl\/sklep\/wp-json\/wp\/v2\/product\/5103","targetHints":{"allow":["GET"]}}],"collection":[{"href":"https:\/\/tsplus.pl\/sklep\/wp-json\/wp\/v2\/product"}],"about":[{"href":"https:\/\/tsplus.pl\/sklep\/wp-json\/wp\/v2\/types\/product"}],"replies":[{"embeddable":true,"href":"https:\/\/tsplus.pl\/sklep\/wp-json\/wp\/v2\/comments?post=5103"}],"wp:featuredmedia":[{"embeddable":true,"href":"https:\/\/tsplus.pl\/sklep\/wp-json\/wp\/v2\/media\/5728"}],"wp:attachment":[{"href":"https:\/\/tsplus.pl\/sklep\/wp-json\/wp\/v2\/media?parent=5103"}],"wp:term":[{"taxonomy":"product_brand","embeddable":true,"href":"https:\/\/tsplus.pl\/sklep\/wp-json\/wp\/v2\/product_brand?post=5103"},{"taxonomy":"product_cat","embeddable":true,"href":"https:\/\/tsplus.pl\/sklep\/wp-json\/wp\/v2\/product_cat?post=5103"},{"taxonomy":"product_tag","embeddable":true,"href":"https:\/\/tsplus.pl\/sklep\/wp-json\/wp\/v2\/product_tag?post=5103"}],"curies":[{"name":"wp","href":"https:\/\/api.w.org\/{rel}","templated":true}]}}